{"id":2693,"date":"2020-01-24T09:13:10","date_gmt":"2020-01-24T09:13:10","guid":{"rendered":"https:\/\/esap.ba\/o-projektu\/"},"modified":"2021-05-10T06:54:40","modified_gmt":"2021-05-10T05:54:40","slug":"o-projektu","status":"publish","type":"page","link":"https:\/\/esap.ba\/bs\/o-projektu\/","title":{"rendered":"O projektu"},"content":{"rendered":"\t\t<div data-elementor-type=\"wp-page\" data-elementor-id=\"2693\" class=\"elementor elementor-2693 elementor-1986\">\n\t\t\t\t\t\t<section class=\"elementor-section elementor-top-section elementor-element elementor-element-15b49f1 elementor-section-content-middle elementor-section-boxed elementor-section-height-default elementor-section-height-default\" data-id=\"15b49f1\" data-element_type=\"section\" data-e-type=\"section\">\n\t\t\t\t\t\t<div class=\"elementor-container elementor-column-gap-no\">\n\t\t\t\t\t<div class=\"elementor-column elementor-col-50 elementor-top-column elementor-element elementor-element-c41c466\" data-id=\"c41c466\" data-element_type=\"column\" data-e-type=\"column\">\n\t\t\t<div class=\"elementor-widget-wrap elementor-element-populated\">\n\t\t\t\t\t\t<div class=\"elementor-element elementor-element-8b20e3e elementor-widget elementor-widget-image\" data-id=\"8b20e3e\" data-element_type=\"widget\" data-e-type=\"widget\" data-widget_type=\"image.default\">\n\t\t\t\t<div class=\"elementor-widget-container\">\n\t\t\t\t\t\t\t\t\t\t\t\t\t\t\t<img fetchpriority=\"high\" decoding=\"async\" width=\"1920\" height=\"1280\" src=\"https:\/\/esap.ba\/wp-content\/uploads\/2020\/04\/16_Una-river-BiH_Getty_MilanMaksovic.jpg\" class=\"attachment-full size-full wp-image-2174\" alt=\"\" srcset=\"https:\/\/esap.ba\/wp-content\/uploads\/2020\/04\/16_Una-river-BiH_Getty_MilanMaksovic.jpg 1920w, https:\/\/esap.ba\/wp-content\/uploads\/2020\/04\/16_Una-river-BiH_Getty_MilanMaksovic-300x200.jpg 300w, https:\/\/esap.ba\/wp-content\/uploads\/2020\/04\/16_Una-river-BiH_Getty_MilanMaksovic-1024x683.jpg 1024w, https:\/\/esap.ba\/wp-content\/uploads\/2020\/04\/16_Una-river-BiH_Getty_MilanMaksovic-768x512.jpg 768w, https:\/\/esap.ba\/wp-content\/uploads\/2020\/04\/16_Una-river-BiH_Getty_MilanMaksovic-1536x1024.jpg 1536w, https:\/\/esap.ba\/wp-content\/uploads\/2020\/04\/16_Una-river-BiH_Getty_MilanMaksovic-750x500.jpg 750w, https:\/\/esap.ba\/wp-content\/uploads\/2020\/04\/16_Una-river-BiH_Getty_MilanMaksovic-800x533.jpg 800w\" sizes=\"(max-width: 1920px) 100vw, 1920px\" \/>\t\t\t\t\t\t\t\t\t\t\t\t\t\t\t<\/div>\n\t\t\t\t<\/div>\n\t\t\t\t<div class=\"elementor-element elementor-element-0570f9e elementor-widget elementor-widget-image\" data-id=\"0570f9e\" data-element_type=\"widget\" data-e-type=\"widget\" data-widget_type=\"image.default\">\n\t\t\t\t<div class=\"elementor-widget-container\">\n\t\t\t\t\t\t\t\t\t\t\t\t\t\t\t<img decoding=\"async\" width=\"1920\" height=\"1280\" src=\"https:\/\/esap.ba\/wp-content\/uploads\/2020\/04\/14_Sutjeska-National-Park-BiH_Getty_brunette.jpg\" class=\"attachment-full size-full wp-image-2173\" alt=\"\" srcset=\"https:\/\/esap.ba\/wp-content\/uploads\/2020\/04\/14_Sutjeska-National-Park-BiH_Getty_brunette.jpg 1920w, https:\/\/esap.ba\/wp-content\/uploads\/2020\/04\/14_Sutjeska-National-Park-BiH_Getty_brunette-300x200.jpg 300w, https:\/\/esap.ba\/wp-content\/uploads\/2020\/04\/14_Sutjeska-National-Park-BiH_Getty_brunette-1024x683.jpg 1024w, https:\/\/esap.ba\/wp-content\/uploads\/2020\/04\/14_Sutjeska-National-Park-BiH_Getty_brunette-768x512.jpg 768w, https:\/\/esap.ba\/wp-content\/uploads\/2020\/04\/14_Sutjeska-National-Park-BiH_Getty_brunette-1536x1024.jpg 1536w, https:\/\/esap.ba\/wp-content\/uploads\/2020\/04\/14_Sutjeska-National-Park-BiH_Getty_brunette-750x500.jpg 750w, https:\/\/esap.ba\/wp-content\/uploads\/2020\/04\/14_Sutjeska-National-Park-BiH_Getty_brunette-800x533.jpg 800w\" sizes=\"(max-width: 1920px) 100vw, 1920px\" \/>\t\t\t\t\t\t\t\t\t\t\t\t\t\t\t<\/div>\n\t\t\t\t<\/div>\n\t\t\t\t\t<\/div>\n\t\t<\/div>\n\t\t\t\t<div class=\"elementor-column elementor-col-50 elementor-top-column elementor-element elementor-element-614c0c6\" data-id=\"614c0c6\" data-element_type=\"column\" data-e-type=\"column\">\n\t\t\t<div class=\"elementor-widget-wrap elementor-element-populated\">\n\t\t\t\t\t\t<div class=\"elementor-element elementor-element-6b47922 elementor-widget elementor-widget-section-title-addons\" data-id=\"6b47922\" data-element_type=\"widget\" data-e-type=\"widget\" data-widget_type=\"section-title-addons.default\">\n\t\t\t\t<div class=\"elementor-widget-container\">\n\t\t\t\t\t<div class=\"epress-section-heading\" ><h2 class=\"main-heading\"><span>O projektu ESAP BiH 2030+<\/span><\/h2><div class=\"desc\"><p>Projekat ESAP 2030+ predstavlja odgovaraju\u0107i odgovor Ambasade \u0160vedske u BiH na molbu za pomo\u0107 u izradi strategije okoli\u0161a i akcionog plana za cijelu BiH, sa strategijama i akcionim planovima za sva \u010detiri nivoa, koju su ovoj ambasadi uputili nadle\u017eni organi na nivou BiH, Federacije Bosne i Hercegovine (FBiH), Republike Srpske (RS) i Br\u010dko distrikta Bosne i Hercegovine (BD BiH).<\/p><p>Priprema ESAP-a BiH 2030+ povjerena je \u0160tokholmskom institutu za okoli\u0161 (SEI), a usvajanjem ovog dokumenta, nadle\u017ene institucije \u0107e dobiti klju\u010dni instrument za postizanje odr\u017eivosti okoli\u0161a i unapre\u0111enje zdravlja i dobrobiti sada\u0161njih i budu\u0107ih generacija gra\u0111ana u cijeloj BiH.<\/p><p><strong>Projekat bi trebao biti zavr\u0161en u aprilu 2022. godine sa sljede\u0107im najva\u017enijim postignu\u0107ima<\/strong><strong>:<\/strong><\/p><ul><li>Institucije nadle\u017ene za okoli\u0161, vodu i druge institucije u BiH imaju na raspolaganju strategiju okoli\u0161a i akcioni plan sa ambicioznim strate\u0161kim i tematskim ciljevima, ali izvedivim, jasno definisanim, dogovorenim i usvojenim mjerama. Ovaj dokument \u0107e usmjeravati mjere politike i finansijska sredstava iz doma\u0107ih i me\u0111unarodnih izvora, \u0161to \u0107e doprinijeti boljem stanju okoli\u0161a u BiH. Tako\u0111er \u0107e pomo\u0107i u daljnjem uskla\u0111ivanju pravnog i institucionalnog okvira BiH sa propisima EU, tj. pravnom ste\u010devinom iz oblasti okoli\u0161a<\/li><li>Pove\u0107an kapacitet organizacija, institucija i mre\u017ea iz oblasti okoli\u0161a u BiH<\/li><li>Visoko razvijena svijest o va\u017enosti za\u0161tite okoli\u0161a me\u0111u pripadnicima \u0161ire javnosti i privrednog sektora.<\/li><\/ul><p>Na dugoro\u010dnoj osnovi, projekat \u0107e doprinijeti unapre\u0111enju stanja okoli\u0161a u BiH kao i napretku u procesu pribli\u017eavanja BiH \u010dlanstvu u EU.<\/p><\/div><\/div>\t\t\t\t<\/div>\n\t\t\t\t<\/div>\n\t\t\t\t\t<\/div>\n\t\t<\/div>\n\t\t\t\t\t<\/div>\n\t\t<\/section>\n\t\t\t\t<section class=\"elementor-section elementor-top-section elementor-element elementor-element-21eee42 elementor-section-boxed elementor-section-height-default elementor-section-height-default\" data-id=\"21eee42\" data-element_type=\"section\" data-e-type=\"section\">\n\t\t\t\t\t\t<div class=\"elementor-container elementor-column-gap-default\">\n\t\t\t\t\t<div class=\"elementor-column elementor-col-50 elementor-top-column elementor-element elementor-element-7a0daab\" data-id=\"7a0daab\" data-element_type=\"column\" data-e-type=\"column\">\n\t\t\t<div class=\"elementor-widget-wrap\">\n\t\t\t\t\t\t\t<\/div>\n\t\t<\/div>\n\t\t\t\t<div class=\"elementor-column elementor-col-50 elementor-top-column elementor-element elementor-element-d7bea16\" data-id=\"d7bea16\" data-element_type=\"column\" data-e-type=\"column\">\n\t\t\t<div class=\"elementor-widget-wrap elementor-element-populated\">\n\t\t\t\t\t\t<div class=\"elementor-element elementor-element-741f8de elementor-widget elementor-widget-heading\" data-id=\"741f8de\" data-element_type=\"widget\" data-e-type=\"widget\" data-widget_type=\"heading.default\">\n\t\t\t\t<div class=\"elementor-widget-container\">\n\t\t\t\t\t<h3 class=\"elementor-heading-title elementor-size-medium\"><b>Saznajte vi\u0161e o strukturi participativnog pristupa i projektnim aktivnostima:<\/b><\/h3>\t\t\t\t<\/div>\n\t\t\t\t<\/div>\n\t\t\t\t\t<\/div>\n\t\t<\/div>\n\t\t\t\t\t<\/div>\n\t\t<\/section>\n\t\t\t\t<section class=\"elementor-section elementor-top-section elementor-element elementor-element-745ae33 elementor-section-boxed elementor-section-height-default elementor-section-height-default\" data-id=\"745ae33\" data-element_type=\"section\" data-e-type=\"section\">\n\t\t\t\t\t\t<div class=\"elementor-container elementor-column-gap-default\">\n\t\t\t\t\t<div class=\"elementor-column elementor-col-50 elementor-top-column elementor-element elementor-element-e5d9a41\" data-id=\"e5d9a41\" data-element_type=\"column\" data-e-type=\"column\">\n\t\t\t<div class=\"elementor-widget-wrap elementor-element-populated\">\n\t\t\t\t\t\t\t<\/div>\n\t\t<\/div>\n\t\t\t\t<div class=\"elementor-column elementor-col-50 elementor-top-column elementor-element elementor-element-cb856ee\" data-id=\"cb856ee\" data-element_type=\"column\" data-e-type=\"column\">\n\t\t\t<div class=\"elementor-widget-wrap elementor-element-populated\">\n\t\t\t\t\t\t<div class=\"elementor-element elementor-element-3e79155 elementor-align-justify elementor-widget elementor-widget-button\" data-id=\"3e79155\" data-element_type=\"widget\" data-e-type=\"widget\" data-widget_type=\"button.default\">\n\t\t\t\t<div class=\"elementor-widget-container\">\n\t\t\t\t\t\t\t\t\t<div class=\"elementor-button-wrapper\">\n\t\t\t\t\t<a class=\"elementor-button elementor-button-link elementor-size-sm\" href=\"https:\/\/esap.ba\/wp-content\/uploads\/2021\/05\/BiH-ESAP-2030-Fact-Sheet-bos.pdf\">\n\t\t\t\t\t\t<span class=\"elementor-button-content-wrapper\">\n\t\t\t\t\t\t\t\t\t<span class=\"elementor-button-text\">ESAP BiH 2030+ INFORMATIVNI \u010cLANAK<\/span>\n\t\t\t\t\t<\/span>\n\t\t\t\t\t<\/a>\n\t\t\t\t<\/div>\n\t\t\t\t\t\t\t\t<\/div>\n\t\t\t\t<\/div>\n\t\t\t\t\t<\/div>\n\t\t<\/div>\n\t\t\t\t\t<\/div>\n\t\t<\/section>\n\t\t\t\t<section class=\"elementor-section elementor-top-section elementor-element elementor-element-e0d94c6 elementor-section-boxed elementor-section-height-default elementor-section-height-default\" data-id=\"e0d94c6\" data-element_type=\"section\" data-e-type=\"section\">\n\t\t\t\t\t\t<div class=\"elementor-container elementor-column-gap-default\">\n\t\t\t\t\t<div class=\"elementor-column elementor-col-100 elementor-top-column elementor-element elementor-element-5ae9b36\" data-id=\"5ae9b36\" data-element_type=\"column\" data-e-type=\"column\">\n\t\t\t<div class=\"elementor-widget-wrap elementor-element-populated\">\n\t\t\t\t\t\t<div class=\"elementor-element elementor-element-7e1c25c elementor-widget elementor-widget-text-editor\" data-id=\"7e1c25c\" data-element_type=\"widget\" data-e-type=\"widget\" data-widget_type=\"text-editor.default\">\n\t\t\t\t<div class=\"elementor-widget-container\">\n\t\t\t\t\t\t\t\t\t<p><em>Napomena: ukoliko nije naveden autor fotografije, ista je preuzeta iz baze fotografija Getty ili Unsplash te autorska prava pripadaju vlasniku fotografije. Molimo da ne preuzimate, kopirate ili neovla\u0161teno prikazujete. Za vi\u0161e informacija, molimo po\u0161aljite email na: <a href=\"mailto:anneli.sundin@sei.org\">anneli.sundin@sei.org<\/a>.\u00a0\u00a0<\/em><\/p>\t\t\t\t\t\t\t\t<\/div>\n\t\t\t\t<\/div>\n\t\t\t\t\t<\/div>\n\t\t<\/div>\n\t\t\t\t\t<\/div>\n\t\t<\/section>\n\t\t\t\t<\/div>\n\t\t","protected":false},"excerpt":{"rendered":"<p>O projektu ESAP BiH 2030+ Projekat ESAP 2030+ predstavlja odgovaraju\u0107i odgovor Ambasade \u0160vedske u BiH na molbu za pomo\u0107 u izradi strategije okoli\u0161a i akcionog plana za cijelu BiH, sa strategijama i akcionim planovima za sva \u010detiri nivoa, koju su ovoj ambasadi uputili nadle\u017eni organi na nivou BiH, Federacije Bosne i Hercegovine (FBiH), Republike Srpske [&hellip;]<\/p>\n","protected":false},"author":1,"featured_media":2537,"parent":0,"menu_order":0,"comment_status":"closed","ping_status":"closed","template":"","meta":{"_acf_changed":false,"footnotes":""},"class_list":["post-2693","page","type-page","status-publish","has-post-thumbnail","hentry"],"acf":[],"_links":{"self":[{"href":"https:\/\/esap.ba\/bs\/wp-json\/wp\/v2\/pages\/2693","targetHints":{"allow":["GET"]}}],"collection":[{"href":"https:\/\/esap.ba\/bs\/wp-json\/wp\/v2\/pages"}],"about":[{"href":"https:\/\/esap.ba\/bs\/wp-json\/wp\/v2\/types\/page"}],"author":[{"embeddable":true,"href":"https:\/\/esap.ba\/bs\/wp-json\/wp\/v2\/users\/1"}],"replies":[{"embeddable":true,"href":"https:\/\/esap.ba\/bs\/wp-json\/wp\/v2\/comments?post=2693"}],"version-history":[{"count":0,"href":"https:\/\/esap.ba\/bs\/wp-json\/wp\/v2\/pages\/2693\/revisions"}],"wp:featuredmedia":[{"embeddable":true,"href":"https:\/\/esap.ba\/bs\/wp-json\/wp\/v2\/media\/2537"}],"wp:attachment":[{"href":"https:\/\/esap.ba\/bs\/wp-json\/wp\/v2\/media?parent=2693"}],"curies":[{"name":"wp","href":"https:\/\/api.w.org\/{rel}","templated":true}]}}