{"id":2694,"date":"2020-04-12T17:16:51","date_gmt":"2020-04-12T17:16:51","guid":{"rendered":"https:\/\/esap.ba\/the-esap-2030\/"},"modified":"2021-05-05T14:03:54","modified_gmt":"2021-05-05T13:03:54","slug":"esap-2030","status":"publish","type":"page","link":"https:\/\/esap.ba\/bs\/esap-2030\/","title":{"rendered":"ESAP 2030+"},"content":{"rendered":"\t\t<div data-elementor-type=\"wp-page\" data-elementor-id=\"2694\" class=\"elementor elementor-2694 elementor-2214\">\n\t\t\t\t\t\t<section class=\"elementor-section elementor-top-section elementor-element elementor-element-c4a4399 elementor-section-boxed elementor-section-height-default elementor-section-height-default\" data-id=\"c4a4399\" data-element_type=\"section\" data-e-type=\"section\">\n\t\t\t\t\t\t<div class=\"elementor-container elementor-column-gap-default\">\n\t\t\t\t\t<div class=\"elementor-column elementor-col-100 elementor-top-column elementor-element elementor-element-6f96db2\" data-id=\"6f96db2\" data-element_type=\"column\" data-e-type=\"column\">\n\t\t\t<div class=\"elementor-widget-wrap elementor-element-populated\">\n\t\t\t\t\t\t<div class=\"elementor-element elementor-element-51d4b23 elementor-widget elementor-widget-text-editor\" data-id=\"51d4b23\" data-element_type=\"widget\" data-e-type=\"widget\" data-widget_type=\"text-editor.default\">\n\t\t\t\t<div class=\"elementor-widget-container\">\n\t\t\t\t\t\t\t\t\t<h1><strong><img fetchpriority=\"high\" decoding=\"async\" class=\"alignright wp-image-2870\" src=\"https:\/\/esap.ba\/wp-content\/uploads\/2020\/04\/Test-1024x819.png\" alt=\"\" width=\"535\" height=\"428\" srcset=\"https:\/\/esap.ba\/wp-content\/uploads\/2020\/04\/Test-1024x819.png 1024w, https:\/\/esap.ba\/wp-content\/uploads\/2020\/04\/Test-300x240.png 300w, https:\/\/esap.ba\/wp-content\/uploads\/2020\/04\/Test-768x614.png 768w, https:\/\/esap.ba\/wp-content\/uploads\/2020\/04\/Test-1536x1229.png 1536w, https:\/\/esap.ba\/wp-content\/uploads\/2020\/04\/Test-2048x1638.png 2048w, https:\/\/esap.ba\/wp-content\/uploads\/2020\/04\/Test-100x80.png 100w, https:\/\/esap.ba\/wp-content\/uploads\/2020\/04\/Test-800x640.png 800w\" sizes=\"(max-width: 535px) 100vw, 535px\" \/>\u0160ta je ESAP 2030+?<\/strong><\/h1>\n<p>ESAP je dokument kojim se utvr\u0111uju ciljevi i najva\u017enije aktivnosti politike okoli\u0161a u Bosni i Hercegovini za period do 2032. godine. Ovaj dokument je usmjeren na ja\u010danje okvira za dono\u0161enje politika iz oblasti okoli\u0161a u BiH, \u0430 njegovo usvajanje \u0107e se smatrati va\u017enim korakom BiH u uskla\u0111ivanju propisa i procedura sa pravnom ste\u010devinom EU, te time i napretkom na putu za \u010dlanstvo u EU.<\/p>\n<p>ESAP BiH 2030+ \u0107e obuhvatiti period od deset godina sa po\u010detkom u 2022. godini.<\/p>\n<p>Dokument \u0107e se sastojati od strategija i akcionih planova za \u010detiri nivoa vlasti (nivo BiH, Federacija BiH (FBiH), Republika Srpska (RS) i Br\u010dko distrikt (BD)), a uklju\u010divat \u0107e i pregled trenutnog stanja okoli\u0161a i izazova, kao i desetogodi\u0161nji plan rje\u0161avanja ovih izazova.<\/p>\n<p>Sadr\u017eaj ESAP-a BiH \u0107e obuhvatiti sljede\u0107ih sedam EU oblasti politike okoli\u0161a:<\/p>\n<ul>\n<li><strong>voda,<\/strong><\/li>\n<li><strong>otpad,<\/strong><\/li>\n<li><strong>biolo\u0161ka raznolikost i o\u010duvanje prirode,<\/strong><\/li>\n<li><strong>kvalitet zraka, klimatske promjene i energija,<\/strong><\/li>\n<li><strong>hemijska sigurnost i buka,<\/strong><\/li>\n<li><strong>upravljanje resursima i<\/strong><\/li>\n<li><strong>upravljanje okoli\u0161em (u vidu horizontalne politike)<\/strong><\/li>\n<\/ul>\n<p>U izradi ESAP-a BiH 2030+ bit \u0107e primijenjen participativni pristup, \u0161to zna\u010di da \u0107e u proces biti uklju\u010dene sve relevantne institucije, \u0161ira javnost, privatni sektor i organizacije civilnog dru\u0161tva, kao i relevantni stru\u010dnjaci iz oblasti okoli\u0161a u BiH. Uz kori\u0161tenje razli\u010ditih oblika komunikacije, bit \u0107e provedene opse\u017ene javne konsultacije u nekoliko faza izrade ESAP-a 2030+ i Srate\u0161ke procjene utjecaja na okoli\u0161. Najva\u017enije aktivnosti su:<\/p>\n<ul>\n<li><strong>E \u2013 konsultacije o svakom nacrtu dokumenta u pripremi<\/strong><\/li>\n<li><strong>Poziv na dostavljanje mi\u0161ljenja i preporuka na nacrt strate\u0161ke studije<\/strong><\/li>\n<li><strong>Javne rasprave za predstavljanje nacrta akcionih planova (tematski ciljevi, o\u010dekivani ishodi i prioritetne mjere)<\/strong><\/li>\n<li><strong>Propisane pro\u0161irene konsultacije o nacrtu dokumenata ESAP-a i strate\u0161ke studije<\/strong><\/li>\n<\/ul>\n<p>Ovaj proces tako\u0111er doprinosi ja\u010danju me\u0111usobnog uva\u017eavanja i ravnopravnosti svih aktera bez obzira na rodnu pripadnost, nacionalnost, vjeroispovijest, na mjesto \u017eivljenja i primanja.<\/p>\n<p><em>Napomena: ukoliko nije naveden autor fotografije, ista je preuzeta iz baze fotografija Getty ili Unsplash te autorska prava pripadaju vlasniku fotografije. Molimo da ne preuzimate, kopirate ili neovla\u0161teno prikazujete. Za vi\u0161e informacija, molimo po\u0161aljite email na: <a href=\"mailto:anneli.sundin@sei.org\">anneli.sundin@sei.org<\/a>.&nbsp;&nbsp;<\/em><\/p>\t\t\t\t\t\t\t\t<\/div>\n\t\t\t\t<\/div>\n\t\t\t\t\t<\/div>\n\t\t<\/div>\n\t\t\t\t\t<\/div>\n\t\t<\/section>\n\t\t\t\t<\/div>\n\t\t","protected":false},"excerpt":{"rendered":"<p>\u0160ta je ESAP 2030+? ESAP je dokument kojim se utvr\u0111uju ciljevi i najva\u017enije aktivnosti politike okoli\u0161a u Bosni i Hercegovini za period do 2032. godine. Ovaj dokument je usmjeren na ja\u010danje okvira za dono\u0161enje politika iz oblasti okoli\u0161a u BiH, \u0430 njegovo usvajanje \u0107e se smatrati va\u017enim korakom BiH u uskla\u0111ivanju propisa i procedura sa [&hellip;]<\/p>\n","protected":false},"author":1,"featured_media":2539,"parent":0,"menu_order":0,"comment_status":"closed","ping_status":"closed","template":"","meta":{"_acf_changed":false,"footnotes":""},"class_list":["post-2694","page","type-page","status-publish","has-post-thumbnail","hentry"],"acf":[],"_links":{"self":[{"href":"https:\/\/esap.ba\/bs\/wp-json\/wp\/v2\/pages\/2694","targetHints":{"allow":["GET"]}}],"collection":[{"href":"https:\/\/esap.ba\/bs\/wp-json\/wp\/v2\/pages"}],"about":[{"href":"https:\/\/esap.ba\/bs\/wp-json\/wp\/v2\/types\/page"}],"author":[{"embeddable":true,"href":"https:\/\/esap.ba\/bs\/wp-json\/wp\/v2\/users\/1"}],"replies":[{"embeddable":true,"href":"https:\/\/esap.ba\/bs\/wp-json\/wp\/v2\/comments?post=2694"}],"version-history":[{"count":0,"href":"https:\/\/esap.ba\/bs\/wp-json\/wp\/v2\/pages\/2694\/revisions"}],"wp:featuredmedia":[{"embeddable":true,"href":"https:\/\/esap.ba\/bs\/wp-json\/wp\/v2\/media\/2539"}],"wp:attachment":[{"href":"https:\/\/esap.ba\/bs\/wp-json\/wp\/v2\/media?parent=2694"}],"curies":[{"name":"wp","href":"https:\/\/api.w.org\/{rel}","templated":true}]}}