{"id":2696,"date":"2020-04-12T17:20:33","date_gmt":"2020-04-12T17:20:33","guid":{"rendered":"https:\/\/esap.ba\/the-sea-process\/"},"modified":"2020-05-18T08:49:38","modified_gmt":"2020-05-18T07:49:38","slug":"spuo","status":"publish","type":"page","link":"https:\/\/esap.ba\/bs\/spuo\/","title":{"rendered":"Proces izrade strate\u0161ke procjene uticaja na okoli\u0161\/\u017eivotnu sredinu (SPUO)"},"content":{"rendered":"\t\t<div data-elementor-type=\"wp-page\" data-elementor-id=\"2696\" class=\"elementor elementor-2696 elementor-2216\">\n\t\t\t\t\t\t<section class=\"elementor-section elementor-top-section elementor-element elementor-element-0e0ed34 elementor-section-boxed elementor-section-height-default elementor-section-height-default\" data-id=\"0e0ed34\" data-element_type=\"section\" data-e-type=\"section\">\n\t\t\t\t\t\t<div class=\"elementor-container elementor-column-gap-default\">\n\t\t\t\t\t<div class=\"elementor-column elementor-col-50 elementor-top-column elementor-element elementor-element-3706faf\" data-id=\"3706faf\" data-element_type=\"column\" data-e-type=\"column\">\n\t\t\t<div class=\"elementor-widget-wrap elementor-element-populated\">\n\t\t\t\t\t\t<div class=\"elementor-element elementor-element-1ccbe10 elementor-widget elementor-widget-image\" data-id=\"1ccbe10\" data-element_type=\"widget\" data-e-type=\"widget\" data-widget_type=\"image.default\">\n\t\t\t\t<div class=\"elementor-widget-container\">\n\t\t\t\t\t\t\t\t\t\t\t\t\t\t\t<img decoding=\"async\" src=\"https:\/\/esap.ba\/wp-content\/uploads\/elementor\/thumbs\/Horses-pqztpe3kj93h5uzx79ll6hsmdcbjjgk4gvr32ga5x4.png\" title=\"\" alt=\"\" loading=\"lazy\" \/>\t\t\t\t\t\t\t\t\t\t\t\t\t\t\t<\/div>\n\t\t\t\t<\/div>\n\t\t\t\t\t<\/div>\n\t\t<\/div>\n\t\t\t\t<div class=\"elementor-column elementor-col-50 elementor-top-column elementor-element elementor-element-d2f18a9\" data-id=\"d2f18a9\" data-element_type=\"column\" data-e-type=\"column\">\n\t\t\t<div class=\"elementor-widget-wrap elementor-element-populated\">\n\t\t\t\t\t\t<div class=\"elementor-element elementor-element-7108f198 elementor-widget elementor-widget-section-title-addons\" data-id=\"7108f198\" data-element_type=\"widget\" data-e-type=\"widget\" data-widget_type=\"section-title-addons.default\">\n\t\t\t\t<div class=\"elementor-widget-container\">\n\t\t\t\t\t<div class=\"epress-section-heading\" ><h2 class=\"main-heading\"><span>Proces izrade strate\u0161ke procjene uticaja na&nbsp; &nbsp; &nbsp; &nbsp; &nbsp; okoli\u0161\/\u017eivotnu sredinu (SPUO)<\/span><\/h2><div class=\"desc\"><p><br \/>Strate\u0161ka procjena uticaja na okoli\u0161\/\u017eivotnu sredinu (SPUO) bi\u0107e provedena kako bi se osiguralo da predlo\u017eena Strategija i Akcioni plan za\u0161tite okoli\u0161a\/\u017eivotne sredine integriraju u ranoj fazi pripreme sva relevantna pitanja za\u0161tite okoli\u0161a\/\u017eivotne sredine, socio-ekonomska pitanja i pitanje odr\u017eivosti.<\/p><p>U izvje\u0161tajima o strate\u0161koj procjeni uticaja na okoli\u0161\/\u017eivotnu sredinu, koji \u0107e biti pripremljeni na nivou entiteta i BD BiH, bi\u0107e utvr\u0111en svaki mogu\u0107i zna\u010dajan uticaj na okoli\u0161\/\u017eivotnu sredinu i socio-ekonomski aspekt koji proizilazi iz ESAP-a i bi\u0107e predlo\u017eena alternativna rje\u0161enja i mjere za ubla\u017eavanje svakog negativnog uticaja.<\/p><p>Proces izrade strate\u0161ke procjene uticaja na okoli\u0161\/\u017eivotnu sredinu odvija se istovremeno sa procesom izrade ESAP-a i bi\u0107e uskla\u0111en sa <strong>EU direktivom o strate\u0161koj procjeni uticaja na okoli\u0161.<\/strong><\/p><\/div><\/div>\t\t\t\t<\/div>\n\t\t\t\t<\/div>\n\t\t\t\t\t<\/div>\n\t\t<\/div>\n\t\t\t\t\t<\/div>\n\t\t<\/section>\n\t\t\t\t<\/div>\n\t\t","protected":false},"excerpt":{"rendered":"<p>Proces izrade strate\u0161ke procjene uticaja na\u00a0 \u00a0 \u00a0 \u00a0 \u00a0 okoli\u0161\/\u017eivotnu sredinu (SPUO) Strate\u0161ka procjena uticaja na okoli\u0161\/\u017eivotnu sredinu (SPUO) bi\u0107e provedena kako bi se osiguralo da predlo\u017eena Strategija i Akcioni plan za\u0161tite okoli\u0161a\/\u017eivotne sredine integriraju u ranoj fazi pripreme sva relevantna pitanja za\u0161tite okoli\u0161a\/\u017eivotne sredine, socio-ekonomska pitanja i pitanje odr\u017eivosti. U izvje\u0161tajima o strate\u0161koj [&hellip;]<\/p>\n","protected":false},"author":1,"featured_media":2541,"parent":0,"menu_order":0,"comment_status":"closed","ping_status":"closed","template":"","meta":{"_acf_changed":false,"footnotes":""},"class_list":["post-2696","page","type-page","status-publish","has-post-thumbnail","hentry"],"acf":[],"_links":{"self":[{"href":"https:\/\/esap.ba\/bs\/wp-json\/wp\/v2\/pages\/2696","targetHints":{"allow":["GET"]}}],"collection":[{"href":"https:\/\/esap.ba\/bs\/wp-json\/wp\/v2\/pages"}],"about":[{"href":"https:\/\/esap.ba\/bs\/wp-json\/wp\/v2\/types\/page"}],"author":[{"embeddable":true,"href":"https:\/\/esap.ba\/bs\/wp-json\/wp\/v2\/users\/1"}],"replies":[{"embeddable":true,"href":"https:\/\/esap.ba\/bs\/wp-json\/wp\/v2\/comments?post=2696"}],"version-history":[{"count":0,"href":"https:\/\/esap.ba\/bs\/wp-json\/wp\/v2\/pages\/2696\/revisions"}],"wp:featuredmedia":[{"embeddable":true,"href":"https:\/\/esap.ba\/bs\/wp-json\/wp\/v2\/media\/2541"}],"wp:attachment":[{"href":"https:\/\/esap.ba\/bs\/wp-json\/wp\/v2\/media?parent=2696"}],"curies":[{"name":"wp","href":"https:\/\/api.w.org\/{rel}","templated":true}]}}