{"id":2701,"date":"2020-04-24T12:45:05","date_gmt":"2020-04-24T11:45:05","guid":{"rendered":"https:\/\/esap.ba\/e-consultation\/"},"modified":"2022-06-24T13:07:05","modified_gmt":"2022-06-24T12:07:05","slug":"e-konsultacije","status":"publish","type":"page","link":"https:\/\/esap.ba\/bs\/e-konsultacije\/","title":{"rendered":"e-konsultacije"},"content":{"rendered":"\t\t<div data-elementor-type=\"wp-page\" data-elementor-id=\"2701\" class=\"elementor elementor-2701 elementor-2653\">\n\t\t\t\t\t\t<section class=\"elementor-section elementor-top-section elementor-element elementor-element-1598f98 elementor-section-boxed elementor-section-height-default elementor-section-height-default\" data-id=\"1598f98\" data-element_type=\"section\" data-e-type=\"section\">\n\t\t\t\t\t\t<div class=\"elementor-container elementor-column-gap-default\">\n\t\t\t\t\t<div class=\"elementor-column elementor-col-100 elementor-top-column elementor-element elementor-element-c201ae2\" data-id=\"c201ae2\" data-element_type=\"column\" data-e-type=\"column\">\n\t\t\t<div class=\"elementor-widget-wrap elementor-element-populated\">\n\t\t\t\t\t\t<div class=\"elementor-element elementor-element-642cc6f elementor-widget elementor-widget-text-editor\" data-id=\"642cc6f\" data-element_type=\"widget\" data-e-type=\"widget\" data-widget_type=\"text-editor.default\">\n\t\t\t\t<div class=\"elementor-widget-container\">\n\t\t\t\t\t\t\t\t\t<h3 class=\"MsoNormal\"><span style=\"color: #009d73;\"><u><span lang=\"EN-US\">O e-konsultacijama<\/span><\/u><\/span><\/h3>\n<p class=\"MsoNormal\"><span lang=\"EN-US\">Po\u0161tovani\/-a korisni\u010de\/-ice,<\/span><\/p>\n<p class=\"MsoNormal\"><span lang=\"EN-US\">Cilj je da proces pripreme ESAP-a BiH bude transparentan i sadr\u017eajan, kako bi se svim zainteresovanim stranama pru\u017eila prilika da dostave svoje prijedloge za unapre\u0111enje procesa.<\/span><\/p>\n<p class=\"MsoNormal\"><span lang=\"EN-US\">Kako biste dali svoj doprinos, molimo da pratite instrukcije navedene ispod putem kojih \u0107e se prikazati informacije vezane za BiH ESAP dokumente za sva \u010detiri nivoa vlasti u Bosni i Hercegovini.<\/span><\/p>\n<p class=\"MsoNormal\"><span lang=\"EN-US\">Hvala Vam!<\/span><\/p>\n<p class=\"MsoNormal\"><span lang=\"EN-US\">BiH ESAP 2030+ tim<\/span><\/p>\t\t\t\t\t\t\t\t<\/div>\n\t\t\t\t<\/div>\n\t\t\t\t\t<\/div>\n\t\t<\/div>\n\t\t\t\t\t<\/div>\n\t\t<\/section>\n\t\t\t\t<section class=\"elementor-section elementor-top-section elementor-element elementor-element-30594330 elementor-section-boxed elementor-section-height-default elementor-section-height-default\" data-id=\"30594330\" data-element_type=\"section\" data-e-type=\"section\">\n\t\t\t\t\t\t<div class=\"elementor-container elementor-column-gap-default\">\n\t\t\t\t\t<div class=\"elementor-column elementor-col-100 elementor-top-column elementor-element elementor-element-5f060390\" data-id=\"5f060390\" data-element_type=\"column\" data-e-type=\"column\">\n\t\t\t<div class=\"elementor-widget-wrap elementor-element-populated\">\n\t\t\t\t\t\t<div class=\"elementor-element elementor-element-3b7fbf4b elementor-widget elementor-widget-text-editor\" data-id=\"3b7fbf4b\" data-element_type=\"widget\" data-e-type=\"widget\" data-widget_type=\"text-editor.default\">\n\t\t\t\t<div class=\"elementor-widget-container\">\n\t\t\t\t\t\t\t\t\t<h3><span style=\"color: #009d73;\">Bosna i Hercegovina ESAP<\/span><\/h3>\n<p>Informacije \u0107e biti objavljene uskoro.<\/p>\t\t\t\t\t\t\t\t<\/div>\n\t\t\t\t<\/div>\n\t\t\t\t<div class=\"elementor-element elementor-element-56627919 elementor-widget elementor-widget-spacer\" data-id=\"56627919\" data-element_type=\"widget\" data-e-type=\"widget\" data-widget_type=\"spacer.default\">\n\t\t\t\t<div class=\"elementor-widget-container\">\n\t\t\t\t\t\t\t<div class=\"elementor-spacer\">\n\t\t\t<div class=\"elementor-spacer-inner\"><\/div>\n\t\t<\/div>\n\t\t\t\t\t\t<\/div>\n\t\t\t\t<\/div>\n\t\t\t\t\t<\/div>\n\t\t<\/div>\n\t\t\t\t\t<\/div>\n\t\t<\/section>\n\t\t\t\t<section class=\"elementor-section elementor-top-section elementor-element elementor-element-c201c1f elementor-section-boxed elementor-section-height-default elementor-section-height-default\" data-id=\"c201c1f\" data-element_type=\"section\" data-e-type=\"section\">\n\t\t\t\t\t\t<div class=\"elementor-container elementor-column-gap-default\">\n\t\t\t\t\t<div class=\"elementor-column elementor-col-100 elementor-top-column elementor-element elementor-element-8181a5b\" data-id=\"8181a5b\" data-element_type=\"column\" data-e-type=\"column\">\n\t\t\t<div class=\"elementor-widget-wrap elementor-element-populated\">\n\t\t\t\t\t\t<div class=\"elementor-element elementor-element-a8aa05d elementor-widget elementor-widget-text-editor\" data-id=\"a8aa05d\" data-element_type=\"widget\" data-e-type=\"widget\" data-widget_type=\"text-editor.default\">\n\t\t\t\t<div class=\"elementor-widget-container\">\n\t\t\t\t\t\t\t\t\t<h3><span style=\"color: #009d73;\">Federacija Bosne i Hercegovine ESAP<\/span><\/h3><p>Federalno ministarstvo okoli\u0161a i turizma te Federalno ministarstvo poljoprivrede, vodoprivrede i \u0161umarstva objavili su javni poziv svim zainteresiranim stranama kako bi dali svoje doprinose i sugestije na dokument Federalna strategija za\u0161tite okoli\u0161a 2022. \u2013 2032. te SPUO dokument.<\/p><p>Sve informacije mo\u017eete prona\u0107i na linku web-stranica <a href=\"https:\/\/www.fmoit.gov.ba\/bs\/novosti\/priopcenja\/javni-poziv-federalna-strategija-zastite-okolisa-2022-2032-i-strateska-studija\">Federalnog ministarstva okoli\u0161a i turizma<\/a> te <a href=\"https:\/\/fmpvs.gov.ba\/2022\/06\/08\/javna-rasprava-federalna-strategija-upravljanja-vodama-2022-2032\/\">Federalnog ministarstva poljoprivrede, vodoprivrede i \u0161umarstva<\/a>, gdje su date sve daljnje instrukcije.<\/p><p>Hvala na Va\u0161em doprinosu!<\/p>\t\t\t\t\t\t\t\t<\/div>\n\t\t\t\t<\/div>\n\t\t\t\t<div class=\"elementor-element elementor-element-a459ef1 elementor-widget elementor-widget-spacer\" data-id=\"a459ef1\" data-element_type=\"widget\" data-e-type=\"widget\" data-widget_type=\"spacer.default\">\n\t\t\t\t<div class=\"elementor-widget-container\">\n\t\t\t\t\t\t\t<div class=\"elementor-spacer\">\n\t\t\t<div class=\"elementor-spacer-inner\"><\/div>\n\t\t<\/div>\n\t\t\t\t\t\t<\/div>\n\t\t\t\t<\/div>\n\t\t\t\t\t<\/div>\n\t\t<\/div>\n\t\t\t\t\t<\/div>\n\t\t<\/section>\n\t\t\t\t<section class=\"elementor-section elementor-top-section elementor-element elementor-element-88eb439 elementor-section-boxed elementor-section-height-default elementor-section-height-default\" data-id=\"88eb439\" data-element_type=\"section\" data-e-type=\"section\">\n\t\t\t\t\t\t<div class=\"elementor-container elementor-column-gap-default\">\n\t\t\t\t\t<div class=\"elementor-column elementor-col-100 elementor-top-column elementor-element elementor-element-41f8245\" data-id=\"41f8245\" data-element_type=\"column\" data-e-type=\"column\">\n\t\t\t<div class=\"elementor-widget-wrap elementor-element-populated\">\n\t\t\t\t\t\t<div class=\"elementor-element elementor-element-f0b10e7 elementor-widget elementor-widget-text-editor\" data-id=\"f0b10e7\" data-element_type=\"widget\" data-e-type=\"widget\" data-widget_type=\"text-editor.default\">\n\t\t\t\t<div class=\"elementor-widget-container\">\n\t\t\t\t\t\t\t\t\t<h3><span style=\"color: #009d73;\">Republika Srpska ESAP<\/span><\/h3><p>Ministarstvo za prostorno ure\u0111enje, gra\u0111evinarstvo i ekologiju Republike Srpske je stavilo na javni uvid svim zainteresovanim u\u010desnicima da komentiraju i daju svoje mi\u0161ljenje na dokument\u0435 Strategija za\u0161tite \u017eivotne sredine Republike Srpske 2023. \u2013 2032 i SPU\u017dS.<\/p><p>Sve informacije o tome kako mo\u017eete sudjelovati mo\u017eete prona\u0107i na web-stranici <a href=\"https:\/\/www.vladars.net\/sr-SP-Cyrl\/Vlada\/Ministarstva\/mgr\/PAO\/Pages\/Javni_uvid.aspx\">Ministarstva<\/a>.<\/p><p>Hvala na Va\u0161em doprinosu. \u00a0<\/p>\t\t\t\t\t\t\t\t<\/div>\n\t\t\t\t<\/div>\n\t\t\t\t<div class=\"elementor-element elementor-element-861cce6 elementor-widget elementor-widget-spacer\" data-id=\"861cce6\" data-element_type=\"widget\" data-e-type=\"widget\" data-widget_type=\"spacer.default\">\n\t\t\t\t<div class=\"elementor-widget-container\">\n\t\t\t\t\t\t\t<div class=\"elementor-spacer\">\n\t\t\t<div class=\"elementor-spacer-inner\"><\/div>\n\t\t<\/div>\n\t\t\t\t\t\t<\/div>\n\t\t\t\t<\/div>\n\t\t\t\t\t<\/div>\n\t\t<\/div>\n\t\t\t\t\t<\/div>\n\t\t<\/section>\n\t\t\t\t<section class=\"elementor-section elementor-top-section elementor-element elementor-element-cbcc5d8 elementor-section-boxed elementor-section-height-default elementor-section-height-default\" data-id=\"cbcc5d8\" data-element_type=\"section\" data-e-type=\"section\">\n\t\t\t\t\t\t<div class=\"elementor-container elementor-column-gap-default\">\n\t\t\t\t\t<div class=\"elementor-column elementor-col-100 elementor-top-column elementor-element elementor-element-15e814a\" data-id=\"15e814a\" data-element_type=\"column\" data-e-type=\"column\">\n\t\t\t<div class=\"elementor-widget-wrap elementor-element-populated\">\n\t\t\t\t\t\t<div class=\"elementor-element elementor-element-82f5d4b elementor-widget elementor-widget-text-editor\" data-id=\"82f5d4b\" data-element_type=\"widget\" data-e-type=\"widget\" data-widget_type=\"text-editor.default\">\n\t\t\t\t<div class=\"elementor-widget-container\">\n\t\t\t\t\t\t\t\t\t<h3><span style=\"color: #009d73;\">Br\u010dko Distrikt BiH ESAP<\/span><\/h3><p>Odjeljenje za prostorno planiranje i imovinsko pravne poslove Br\u010dko distrikta BiH je dalo na javni uvid svim zainteresovanim u\u010desnicima da komentiraju i daju svoje mi\u0161ljenje na dokumente Strategija za\u0161tite \u017eivotne sredine Br\u010dko distrikta 2023. \u2013 2032 i SPUO.<\/p><p>Sve informacije o tome kako mo\u017eete u\u010destvovati mo\u017eete prona\u0107i na web-stranici <a href=\"http:\/\/ppipo.bdcentral.net\/Publication\/Read\/Strartegija_zo_BDBiH\">Odjeljenja<\/a>.<\/p><p>Hvala na Va\u0161em doprinosu.<\/p>\t\t\t\t\t\t\t\t<\/div>\n\t\t\t\t<\/div>\n\t\t\t\t<div class=\"elementor-element elementor-element-b0938c4 elementor-widget elementor-widget-spacer\" data-id=\"b0938c4\" data-element_type=\"widget\" data-e-type=\"widget\" data-widget_type=\"spacer.default\">\n\t\t\t\t<div class=\"elementor-widget-container\">\n\t\t\t\t\t\t\t<div class=\"elementor-spacer\">\n\t\t\t<div class=\"elementor-spacer-inner\"><\/div>\n\t\t<\/div>\n\t\t\t\t\t\t<\/div>\n\t\t\t\t<\/div>\n\t\t\t\t\t<\/div>\n\t\t<\/div>\n\t\t\t\t\t<\/div>\n\t\t<\/section>\n\t\t\t\t<\/div>\n\t\t","protected":false},"excerpt":{"rendered":"<p>O e-konsultacijama Po\u0161tovani\/-a korisni\u010de\/-ice, Cilj je da proces pripreme ESAP-a BiH bude transparentan i sadr\u017eajan, kako bi se svim zainteresovanim stranama pru\u017eila prilika da dostave svoje prijedloge za unapre\u0111enje procesa. Kako biste dali svoj doprinos, molimo da pratite instrukcije navedene ispod putem kojih \u0107e se prikazati informacije vezane za BiH ESAP dokumente za sva \u010detiri [&hellip;]<\/p>\n","protected":false},"author":1,"featured_media":2651,"parent":0,"menu_order":0,"comment_status":"closed","ping_status":"closed","template":"","meta":{"_acf_changed":false,"footnotes":""},"class_list":["post-2701","page","type-page","status-publish","has-post-thumbnail","hentry"],"acf":[],"_links":{"self":[{"href":"https:\/\/esap.ba\/bs\/wp-json\/wp\/v2\/pages\/2701","targetHints":{"allow":["GET"]}}],"collection":[{"href":"https:\/\/esap.ba\/bs\/wp-json\/wp\/v2\/pages"}],"about":[{"href":"https:\/\/esap.ba\/bs\/wp-json\/wp\/v2\/types\/page"}],"author":[{"embeddable":true,"href":"https:\/\/esap.ba\/bs\/wp-json\/wp\/v2\/users\/1"}],"replies":[{"embeddable":true,"href":"https:\/\/esap.ba\/bs\/wp-json\/wp\/v2\/comments?post=2701"}],"version-history":[{"count":0,"href":"https:\/\/esap.ba\/bs\/wp-json\/wp\/v2\/pages\/2701\/revisions"}],"wp:featuredmedia":[{"embeddable":true,"href":"https:\/\/esap.ba\/bs\/wp-json\/wp\/v2\/media\/2651"}],"wp:attachment":[{"href":"https:\/\/esap.ba\/bs\/wp-json\/wp\/v2\/media?parent=2701"}],"curies":[{"name":"wp","href":"https:\/\/api.w.org\/{rel}","templated":true}]}}