{"id":2709,"date":"2020-04-13T08:55:33","date_gmt":"2020-04-13T08:55:33","guid":{"rendered":"https:\/\/esap.ba\/accessability\/"},"modified":"2020-05-12T13:38:20","modified_gmt":"2020-05-12T12:38:20","slug":"accessability","status":"publish","type":"page","link":"https:\/\/esap.ba\/bs\/accessability\/","title":{"rendered":"Pristup"},"content":{"rendered":"\t\t<div data-elementor-type=\"wp-page\" data-elementor-id=\"2709\" class=\"elementor elementor-2709 elementor-2269\">\n\t\t\t\t\t\t<section class=\"elementor-section elementor-top-section elementor-element elementor-element-194def8 elementor-section-boxed elementor-section-height-default elementor-section-height-default\" data-id=\"194def8\" data-element_type=\"section\" data-e-type=\"section\">\n\t\t\t\t\t\t<div class=\"elementor-container elementor-column-gap-default\">\n\t\t\t\t\t<div class=\"elementor-column elementor-col-100 elementor-top-column elementor-element elementor-element-e923296\" data-id=\"e923296\" data-element_type=\"column\" data-e-type=\"column\">\n\t\t\t<div class=\"elementor-widget-wrap elementor-element-populated\">\n\t\t\t\t\t\t<div class=\"elementor-element elementor-element-e95c7f6 elementor-widget elementor-widget-text-editor\" data-id=\"e95c7f6\" data-element_type=\"widget\" data-e-type=\"widget\" data-widget_type=\"text-editor.default\">\n\t\t\t\t<div class=\"elementor-widget-container\">\n\t\t\t\t\t\t\t\t\t<h4><strong>Pristup <\/strong><strong>&nbsp;<\/strong><\/h4>\n<p>Pristupa\u010dnost stranice omogu\u0107ava da je koriste svi &#8211; naro\u010dito osobe sa invaliditetom, \u010dije se potrebe \u010desto zanemaruju.<\/p>\n<p>Na\u0161 cilj je da osiguramo jednostavan pristup internet stranici i sadr\u017eaju iste na osnovnom nivou <a href=\"https:\/\/www.w3.org\/TR\/WCAG21\/\">Smjernice o pristupu sadr\u017eaju internet stranice (WCAG) 2.1<\/a>, nivo AA, i nastoja\u0107emo da ostvarimo stvarni pristup i omogu\u0107imo vi\u0161e od same primjene ovih smjernica.<\/p>\n<p>Svjesni smo da ima prostora za unapre\u0111enje.<\/p>\n<p>&nbsp;<\/p>\n<h4><strong>Kontakt<\/strong><\/h4>\n<p>Svaki problem sa pristupom ovoj internet stranici prijavite slanjem poruke na e-mail adresu <a href=\"mailto:anneli.sundin@sei.org\">anneli.sundin@sei.org<\/a>.<\/p>\t\t\t\t\t\t\t\t<\/div>\n\t\t\t\t<\/div>\n\t\t\t\t\t<\/div>\n\t\t<\/div>\n\t\t\t\t\t<\/div>\n\t\t<\/section>\n\t\t\t\t<\/div>\n\t\t","protected":false},"excerpt":{"rendered":"<p>Pristup &nbsp; Pristupa\u010dnost stranice omogu\u0107ava da je koriste svi &#8211; naro\u010dito osobe sa invaliditetom, \u010dije se potrebe \u010desto zanemaruju. Na\u0161 cilj je da osiguramo jednostavan pristup internet stranici i sadr\u017eaju iste na osnovnom nivou Smjernice o pristupu sadr\u017eaju internet stranice (WCAG) 2.1, nivo AA, i nastoja\u0107emo da ostvarimo stvarni pristup i omogu\u0107imo vi\u0161e od same [&hellip;]<\/p>\n","protected":false},"author":1,"featured_media":2651,"parent":0,"menu_order":0,"comment_status":"closed","ping_status":"closed","template":"","meta":{"_acf_changed":false,"footnotes":""},"class_list":["post-2709","page","type-page","status-publish","has-post-thumbnail","hentry"],"acf":[],"_links":{"self":[{"href":"https:\/\/esap.ba\/bs\/wp-json\/wp\/v2\/pages\/2709","targetHints":{"allow":["GET"]}}],"collection":[{"href":"https:\/\/esap.ba\/bs\/wp-json\/wp\/v2\/pages"}],"about":[{"href":"https:\/\/esap.ba\/bs\/wp-json\/wp\/v2\/types\/page"}],"author":[{"embeddable":true,"href":"https:\/\/esap.ba\/bs\/wp-json\/wp\/v2\/users\/1"}],"replies":[{"embeddable":true,"href":"https:\/\/esap.ba\/bs\/wp-json\/wp\/v2\/comments?post=2709"}],"version-history":[{"count":0,"href":"https:\/\/esap.ba\/bs\/wp-json\/wp\/v2\/pages\/2709\/revisions"}],"wp:featuredmedia":[{"embeddable":true,"href":"https:\/\/esap.ba\/bs\/wp-json\/wp\/v2\/media\/2651"}],"wp:attachment":[{"href":"https:\/\/esap.ba\/bs\/wp-json\/wp\/v2\/media?parent=2709"}],"curies":[{"name":"wp","href":"https:\/\/api.w.org\/{rel}","templated":true}]}}