{"id":2711,"date":"2020-04-01T14:20:27","date_gmt":"2020-04-01T14:20:27","guid":{"rendered":"https:\/\/esap.ba\/privacy-policy\/"},"modified":"2020-05-12T13:47:25","modified_gmt":"2020-05-12T12:47:25","slug":"politika-o-zastiti-privatnosti","status":"publish","type":"page","link":"https:\/\/esap.ba\/bs\/politika-o-zastiti-privatnosti\/","title":{"rendered":"Politika o za\u0161titi privatnosti"},"content":{"rendered":"\t\t<div data-elementor-type=\"wp-page\" data-elementor-id=\"2711\" class=\"elementor elementor-2711 elementor-3\">\n\t\t\t\t\t\t<section class=\"elementor-section elementor-top-section elementor-element elementor-element-466ff21 elementor-section-boxed elementor-section-height-default elementor-section-height-default\" data-id=\"466ff21\" data-element_type=\"section\" data-e-type=\"section\">\n\t\t\t\t\t\t<div class=\"elementor-container elementor-column-gap-default\">\n\t\t\t\t\t<div class=\"elementor-column elementor-col-100 elementor-top-column elementor-element elementor-element-f55bf83\" data-id=\"f55bf83\" data-element_type=\"column\" data-e-type=\"column\">\n\t\t\t<div class=\"elementor-widget-wrap elementor-element-populated\">\n\t\t\t\t\t\t<div class=\"elementor-element elementor-element-b9ee001 elementor-widget elementor-widget-text-editor\" data-id=\"b9ee001\" data-element_type=\"widget\" data-e-type=\"widget\" data-widget_type=\"text-editor.default\">\n\t\t\t\t<div class=\"elementor-widget-container\">\n\t\t\t\t\t\t\t\t\t<h4><strong>Politika o za\u0161titi privatnosti <\/strong><strong>&nbsp;<\/strong><\/h4>\n<p>Za\u0161tita va\u0161e privatnosti je va\u017ena. Mi, u\u010desnici projekta za izradu ESAP-a BiH, smatramo da smo u obavezi da vas obavijestimo kako koristimo va\u0161e li\u010dne podatke. Ukoliko imate pitanja o na\u010dinu na koji koristimo va\u0161e li\u010dne podatke i kako po\u0161tujemo propise o za\u0161titi li\u010dnih podataka, po\u0161aljite poruku na e-mail adresu <a href=\"mailto:anneli.sundin@sei.org\">anneli.sundin@sei.org<\/a>. Razlog za dono\u0161enje ove politike o za\u0161titi privatnosti je utvr\u0111ivanje na\u010dela kojim \u0107e biti ure\u0111en na\u010din na koji koristimo li\u010dne podatke koje nam dostavite ili koje pribavimo putem interneta. Ova politika je zasnovana na <a href=\"https:\/\/www.sei.org\/about-sei\/policies-guidance\/privacy\/\">Politici za\u0161tite privatnosti<\/a> \u0160tokholmskog instituta za okoli\u0161\/\u017eivotnu sredinu (SEI).<\/p>\n<p>Mogu\u0107e je da \u0107emo povremeno mijenjati na\u0161u Politiku o za\u0161titi privatnosti. Zato vas molimo da povremeno provjerite na\u0161u Politiku o za\u0161titi privatnosti uvidom u ovu stranicu da biste se uvjerili da ste upoznati sa najnovijom verzijom koju provodimo. Mi \u0107emo vas, naravno, obavje\u0161tavati o svim promjenama koje napravimo po potrebi.<\/p>\n<p>\u0160tokholmski institut za okoli\u0161\/\u017eivotnu sredinu, nosilac projekta za izradu ESAP-a BiH, ID br. 802014-0763, je kao nosilac podataka nadle\u017ean za obradu va\u0161ih li\u010dnih podataka.<\/p>\n<h4><strong>Opis informacija koje prikupljamo i na\u010dina kori\u0161tenja istih<\/strong><\/h4>\n<p>Od vas preuzimamo li\u010dne podatke kad se prijavite za e-konsultacije i koristite internet stranicu. Vidi <a href=\"https:\/\/esap.ba\/bs\/kolacici\/\">obavijest o kola\u010di\u0107ima<\/a> koji se mogu prikupljati.<\/p>\n<p><strong>1. Zbirne informacije<\/strong><\/p>\n<p>Kao i mnoge komercijalne organizacije pratimo kori\u0161tenje ove internet stranice prikupljanjem zbirnih informacija kori\u0161tenjem kola\u010di\u0107a (vidi <a href=\"https:\/\/esap.ba\/bs\/kolacici\/\">obavijest o kola\u010di\u0107ima<\/a>). Obi\u010dno prikupljamo informacije o broju posjetilaca stranice za svaku internet stranicu i naziv domene porijekla pru\u017ealaca internet usluga na\u0161ih posjetilaca. Ove informacije se koriste za bolje razumijevanje na\u010dina na koji posjetioci koriste internet stranicu i mogu biti proslije\u0111ene drugim dru\u0161tvima unutar grupacije i ostalim tre\u0107im stranama.<\/p>\n<p><strong>2. Li\u010dne informacije<\/strong><\/p>\n<p>Ukoliko se prijavite za neki doga\u0111aj na internet stranici (npr. da dobijete a\u017eurirane podatke putem e-poruke) preuzimamo va\u0161e identifikacione podatke kao \u0161to su va\u0161e ime, organizacija, e-mail adresa, zemlja stanovanja i druge informacije koje dobrovoljno dostavite.<\/p>\n<p>Ove informacije se koriste za bolje razumijevanje va\u0161eg kori\u0161tenja stranice. Podaci mogu biti dostavljeni drugim dru\u0161tvima unutar grupacije i ostalim tre\u0107im stranama (tj. Eventbrite za pozive ili prisustvo doga\u0111ajima i ostale usluge komunikacije).<\/p>\n<p>Kontinuirano radimo na unapre\u0111enju sadr\u017eaja i funkcionalnosti na\u0161e internet stranice. Iz tog razloga se mo\u017ee desiti i da preuzmemo informacije o na\u010dinu na koji koristite ovu internet stranicu kori\u0161tenjem <a href=\"https:\/\/esap.ba\/bs\/kolacici\/\">kola\u010di\u0107a<\/a> i drugih sli\u010dnih tehnologija. U nekim situacijama \u0107emo pratiti obrasce prometa korisnika i statisti\u010dke podatke o kori\u0161tenju stranice, \u0161to \u0107e nam pomo\u0107i da unaprijedimo dizajn i izgled na\u0161e stranice ili personalizujemo va\u0161e iskustvo.<\/p>\n<p>Tako\u0111er je mogu\u0107e da \u0107emo pribaviti informacije o va\u0161im mi\u0161ljenjima ukoliko, na primjer, po\u0161aljete komentar ili postavite pitanja.<\/p>\n<p>Mogu\u0107e je da \u0107emo primiti informacije o vama iz drugih izvora (kao \u0161to su tre\u0107e strane ili druga dru\u0161tva) \u0161to \u0107emo dodati informacijama koje ve\u0107 imamo o vama. Ovo nam poma\u017ee u unapre\u0111enju i personalizaciji usluge za vas.<\/p>\n<p>Mo\u017ee se desiti da va\u0161e li\u010dne podatke koristimo u odgovoru na va\u0161e upite, dostavljanju relevantnih informacije ili slanju anketa namijenjenih vama.<\/p>\n<p>Vi dajete saglasnost da va\u0161e podatke mo\u017eemo slati u dr\u017eave ili nadle\u017enosti koje ne pru\u017eaju isti nivo zakonske za\u0161tite podataka kao va\u0161a zemlja. Ukoliko do\u0111e do takvog proslje\u0111ivanja podataka, osigura\u0107emo odgovaraju\u0107u za\u0161titu za va\u0161e podatke dok su u tranzitu i u dr\u017eavi u koju se \u0161alju.<\/p>\n<p>Va\u0161e podatke \u0107emo \u010duvati sve dok je to neophodno za gore navedene svrhe ili sve dok smo zakonski obavezni \u010duvati ove podatke. Nakon toga \u0107e va\u0161i li\u010dni podaci biti izbrisani.<strong>&nbsp;<\/strong><\/p>\n<h4><strong>Linkovi<\/strong><\/h4>\n<p>Mogu\u0107e je da ova internet stranica ima poveznice sa drugim internet stranicama. Ova politika o za\u0161titi privatnosti va\u017ei samo za ovu internet stranicu. Kada se povezujete sa drugom internet stranicom trebate pro\u010ditati politiku o za\u0161titi privatnosti koja va\u017ei za doti\u010dnu stranicu.<\/p>\n<p>Projekat za izradu ESAP-a BiH nije odgovoran za obradu va\u0161ih li\u010dnih podataka od drugih ili na drugim internet stranicama.<\/p>\n<h4><strong>Pristup i ispravke<\/strong><\/h4>\n<p>Ukoliko obra\u0111ujemo li\u010dne informacije o vama, prema zakonu o za\u0161titi li\u010dnih podataka imate pravo dostaviti zahtjev za pristup tim li\u010dnim podacima. Tako\u0111er imate pravo zatra\u017eiti besplatno ispravljanje neta\u010dnih podataka u va\u0161im informacijama. Mo\u017eete zatra\u017eiti promjenu svakog podatka koji je neta\u010dan slanjem poruke na e-mail adresu <a href=\"mailto:anneli.sundin@sei.org\">anneli.sundin@sei.org<\/a>. Molim vas da tom prilikom navedete svoje ime.<\/p>\n<h4><strong>Sigurnosne mjere koje su donesene za za\u0161titu va\u0161ih li\u010dnih podataka<\/strong><\/h4>\n<p>Preduze\u0107emo razumne mjere predostro\u017enosti radi spre\u010davanja gubitka, zloupotrebe ili neovla\u0161tene promjene informacija koje nam dostavite putem internet stranice.<\/p>\n<p>Sva komunikacija sa na\u0161e strane u vezi sa internet stranicom mo\u017ee vam biti poslana e-porukom. Elektronska po\u0161ta nije u potpunosti sigurno sredstvo za komunikaciju i ne mo\u017eemo garantovati da na\u0161e poruke nemaju viruse ili druge vrste \u0161tetnog djelovanja.<strong>&nbsp;<\/strong><\/p>\n<h4><strong>Posrednici i usluge<\/strong><\/h4>\n<p>Ponekad anga\u017eujemo druga dru\u0161tva i pojedince za obavljanje poslova u na\u0161e ime. Mo\u017ee se desiti da \u0107e im zatrebati pristup va\u0161im li\u010dnim podacima kako bi obavili ove poslove.<strong>&nbsp;<\/strong><\/p>\n<h4><strong>Izmjene i dopune Politike o za\u0161titi privatnosti<\/strong><\/h4>\n<p>Projekat za izradu ESAP-a BiH zadr\u017eava pravo da u svakom trenutku izmijeni i dopuni ovu Politiku o za\u0161titi privatnosti u mjeri u kojoj je to neophodno da ukloni smetnje ili ispo\u0161tuje novi zakon ili zahtjev struke.<strong>&nbsp;<\/strong><\/p>\n<h4><strong>Organizacija<\/strong><\/h4>\n<p>Svako spominjanje naziva &#8220;Projekat za izradu ESAP-a BiH&#8221;, &#8220;SEI&#8221;, &#8220;grupacija&#8221;, &#8220;mi&#8221;, &#8220;nas&#8221; i &#8220;na\u0161&#8221; odnosi se na \u201e\u0160tokholmski institut za okoli\u0161\/\u017eivotnu sredinu&#8221; ili projekte koje realizuje SEI, \u0161to obuhvata sljede\u0107e pravne subjekte u sljede\u0107im zemljama: Fondacija SEI u \u0160vedskoj (Stiftelsen The Stockholm Environment Institute), koja se sastoji od Sjedi\u0161ta SEI-a, SEI Azija, SEI Afrika, SEI Ju\u017ena Amerika i SEI Oksford.<\/p>\n<p>SEI Talin, SEI SAD i SEI York su zasebni subjekti i udru\u017eenja u okviru SEI-a.<\/p>\t\t\t\t\t\t\t\t<\/div>\n\t\t\t\t<\/div>\n\t\t\t\t\t<\/div>\n\t\t<\/div>\n\t\t\t\t\t<\/div>\n\t\t<\/section>\n\t\t\t\t<\/div>\n\t\t","protected":false},"excerpt":{"rendered":"<p>Politika o za\u0161titi privatnosti &nbsp; Za\u0161tita va\u0161e privatnosti je va\u017ena. Mi, u\u010desnici projekta za izradu ESAP-a BiH, smatramo da smo u obavezi da vas obavijestimo kako koristimo va\u0161e li\u010dne podatke. Ukoliko imate pitanja o na\u010dinu na koji koristimo va\u0161e li\u010dne podatke i kako po\u0161tujemo propise o za\u0161titi li\u010dnih podataka, po\u0161aljite poruku na e-mail adresu anneli.sundin@sei.org. [&hellip;]<\/p>\n","protected":false},"author":1,"featured_media":2651,"parent":0,"menu_order":0,"comment_status":"closed","ping_status":"open","template":"","meta":{"_acf_changed":false,"footnotes":""},"class_list":["post-2711","page","type-page","status-publish","has-post-thumbnail","hentry"],"acf":[],"_links":{"self":[{"href":"https:\/\/esap.ba\/bs\/wp-json\/wp\/v2\/pages\/2711","targetHints":{"allow":["GET"]}}],"collection":[{"href":"https:\/\/esap.ba\/bs\/wp-json\/wp\/v2\/pages"}],"about":[{"href":"https:\/\/esap.ba\/bs\/wp-json\/wp\/v2\/types\/page"}],"author":[{"embeddable":true,"href":"https:\/\/esap.ba\/bs\/wp-json\/wp\/v2\/users\/1"}],"replies":[{"embeddable":true,"href":"https:\/\/esap.ba\/bs\/wp-json\/wp\/v2\/comments?post=2711"}],"version-history":[{"count":0,"href":"https:\/\/esap.ba\/bs\/wp-json\/wp\/v2\/pages\/2711\/revisions"}],"wp:featuredmedia":[{"embeddable":true,"href":"https:\/\/esap.ba\/bs\/wp-json\/wp\/v2\/media\/2651"}],"wp:attachment":[{"href":"https:\/\/esap.ba\/bs\/wp-json\/wp\/v2\/media?parent=2711"}],"curies":[{"name":"wp","href":"https:\/\/api.w.org\/{rel}","templated":true}]}}