{"id":2713,"date":"2020-04-13T08:55:22","date_gmt":"2020-04-13T08:55:22","guid":{"rendered":"https:\/\/esap.ba\/cookie-notice\/"},"modified":"2020-05-18T10:59:56","modified_gmt":"2020-05-18T09:59:56","slug":"kolacici","status":"publish","type":"page","link":"https:\/\/esap.ba\/bs\/kolacici\/","title":{"rendered":"Obavijest o kola\u010di\u0107ima"},"content":{"rendered":"\t\t<div data-elementor-type=\"wp-page\" data-elementor-id=\"2713\" class=\"elementor elementor-2713 elementor-2266\">\n\t\t\t\t\t\t<section class=\"elementor-section elementor-top-section elementor-element elementor-element-4134ef7f elementor-section-boxed elementor-section-height-default elementor-section-height-default\" data-id=\"4134ef7f\" data-element_type=\"section\" data-e-type=\"section\">\n\t\t\t\t\t\t<div class=\"elementor-container elementor-column-gap-default\">\n\t\t\t\t\t<div class=\"elementor-column elementor-col-100 elementor-top-column elementor-element elementor-element-780a6c3d\" data-id=\"780a6c3d\" data-element_type=\"column\" data-e-type=\"column\">\n\t\t\t<div class=\"elementor-widget-wrap elementor-element-populated\">\n\t\t\t\t\t\t<div class=\"elementor-element elementor-element-2feffd6c elementor-widget elementor-widget-text-editor\" data-id=\"2feffd6c\" data-element_type=\"widget\" data-e-type=\"widget\" data-widget_type=\"text-editor.default\">\n\t\t\t\t<div class=\"elementor-widget-container\">\n\t\t\t\t\t\t\t\t\t<p class=\"MsoNormal\">Saznajte kako koristimo kola\u010di\u0107e (male tekstualne datoteke koje se \u0161alju na va\u0161 preglednik i pohranjuju na va\u0161em kompjuteru) na ovoj internet stranici.<br><\/p>\n<p class=\"MsoNormal\"><b>Kori\u0161tenje kola\u010di\u0107a<\/b><\/p>\n<p class=\"MsoNormal\">Generalno, kola\u010di\u0107i su male tekstualne datoteke koje se \u0161alju na va\u0161 preglednik i pohranjuju na hard disku va\u0161eg kompjutera. Kola\u010di\u0107i su u funkciji memorije internet stranice koja omogu\u0107ava prepoznavanje va\u0161eg kompjutera prilikom ponovne posjete istoj. Ovo je naro\u010dito va\u017eno za internet stranice na kojima je potrebno prijavljivanje budu\u0107i da ubrzava pristup.<\/p>\n<p class=\"MsoNormal\">Mi koristimo sesijske kola\u010di\u0107e (koji se zadr\u017eavaju samo dok zatvorite va\u0161 internet preglednik) kao i trajne kola\u010di\u0107e (koji se zadr\u017eavaju du\u017ee, u odre\u0111enom vremenskom periodu).<\/p>\n<p class=\"MsoNormal\">Neki od na\u0161ih reklamnih natpisa mogu poslati kola\u010di\u0107 na va\u0161 hard disk (bez obzira na to da li ste kliknuli na natpis). Ukoliko nakon toga posjetite internet stranicu koju smo reklamirali zna\u0107emo da ste vidjeli na\u0161 natpis. Na ovaj na\u010din mo\u017eemo pratiti uspje\u0161nost ovih natpisa.<\/p>\n<p class=\"MsoNormal\">Ve\u0107ina internet preglednika prihvata kola\u010di\u0107e, ali obi\u010dno je mogu\u0107e promijeniti postavke preglednika tako da odbija nove kola\u010di\u0107e, onemogu\u0107ava postojo\u0107e ili vas jednostavno upozorava kad se na va\u0161 hard disk po\u0161alju novi kola\u010di\u0107i. Ukoliko odbijete ili onesposobite kola\u010di\u0107e mogu se izgubiti neke od funkcionalnosti internet stranice.<\/p>\n<p class=\"MsoNormal\"><b>Kola\u010di\u0107i tre\u0107ih strana<\/b><\/p>\n<p class=\"MsoNormal\">Kola\u010di\u0107e tre\u0107ih strana koristimo s ciljem prikupljanja statisti\u010dkih podataka u zbirnom obliku u instrumentima za analizu kao \u0161to su Google Analytics i Hotjar. Tako\u0111er koristimo mogu\u0107nosti ogla\u0161avanja koje nudi Google Analytics. Pro\u010ditajte vi\u0161e o tome i o na\u010dinu na koji mo\u017eete odbiti prihvatanje koriste\u0107i Google Analytics Opt-out Browser Add-on. Kola\u010di\u0107i koji se koriste obuhvataju stalne i privremene kola\u010di\u0107e (sesijske). Stalni kola\u010di\u0107i se pohranjuju na va\u0161em kompjuteru ili mobilnom ure\u0111aju najvi\u0161e 24 mjeseca.<\/p>\t\t\t\t\t\t\t\t<\/div>\n\t\t\t\t<\/div>\n\t\t\t\t\t<\/div>\n\t\t<\/div>\n\t\t\t\t\t<\/div>\n\t\t<\/section>\n\t\t\t\t<\/div>\n\t\t","protected":false},"excerpt":{"rendered":"<p>Saznajte kako koristimo kola\u010di\u0107e (male tekstualne datoteke koje se \u0161alju na va\u0161 preglednik i pohranjuju na va\u0161em kompjuteru) na ovoj internet stranici. Kori\u0161tenje kola\u010di\u0107a Generalno, kola\u010di\u0107i su male tekstualne datoteke koje se \u0161alju na va\u0161 preglednik i pohranjuju na hard disku va\u0161eg kompjutera. Kola\u010di\u0107i su u funkciji memorije internet stranice koja omogu\u0107ava prepoznavanje va\u0161eg kompjutera [&hellip;]<\/p>\n","protected":false},"author":1,"featured_media":2651,"parent":0,"menu_order":0,"comment_status":"closed","ping_status":"closed","template":"","meta":{"_acf_changed":false,"footnotes":""},"class_list":["post-2713","page","type-page","status-publish","has-post-thumbnail","hentry"],"acf":[],"_links":{"self":[{"href":"https:\/\/esap.ba\/bs\/wp-json\/wp\/v2\/pages\/2713","targetHints":{"allow":["GET"]}}],"collection":[{"href":"https:\/\/esap.ba\/bs\/wp-json\/wp\/v2\/pages"}],"about":[{"href":"https:\/\/esap.ba\/bs\/wp-json\/wp\/v2\/types\/page"}],"author":[{"embeddable":true,"href":"https:\/\/esap.ba\/bs\/wp-json\/wp\/v2\/users\/1"}],"replies":[{"embeddable":true,"href":"https:\/\/esap.ba\/bs\/wp-json\/wp\/v2\/comments?post=2713"}],"version-history":[{"count":0,"href":"https:\/\/esap.ba\/bs\/wp-json\/wp\/v2\/pages\/2713\/revisions"}],"wp:featuredmedia":[{"embeddable":true,"href":"https:\/\/esap.ba\/bs\/wp-json\/wp\/v2\/media\/2651"}],"wp:attachment":[{"href":"https:\/\/esap.ba\/bs\/wp-json\/wp\/v2\/media?parent=2713"}],"curies":[{"name":"wp","href":"https:\/\/api.w.org\/{rel}","templated":true}]}}